{"id":17417,"date":"2023-10-31T04:12:13","date_gmt":"2023-10-31T04:12:13","guid":{"rendered":"https:\/\/hoianblissresort.com\/deluxe-room\/"},"modified":"2024-01-31T03:02:45","modified_gmt":"2024-01-31T03:02:45","slug":"deluxe-room","status":"publish","type":"product","link":"https:\/\/hoianblissresort.com\/vi\/deluxe-room\/","title":{"rendered":"Deluxe Room"},"content":{"rendered":"<p style=\"text-align: justify;\"><span style=\"font-family: helvetica, arial, sans-serif; font-size: 12pt;\">Ph\u00f2ng Deluxe t\u1ea1i Bliss Hoi An Beach Resort &amp; Wellness l\u00e0 s\u1ef1 l\u1ef1a ch\u1ecdn ho\u00e0n h\u1ea3o cho nh\u1eefng du kh\u00e1ch t\u00ecm ki\u1ebfm m\u1ed9t k\u00ec ngh\u1ec9 tho\u1ea3i m\u00e1i v\u00e0 sang tr\u1ecdng. \u0110\u01b0\u1ee3c trang b\u1ecb \u0111\u1ed3 n\u1ed9i th\u1ea5t tinh t\u1ebf v\u00e0 ti\u1ec7n nghi hi\u1ec7n \u0111\u1ea1i, nh\u1eefng ph\u00f2ng Deluxe mang \u0111\u1ebfn cho qu\u00fd kh\u00e1ch m\u1ed9t kh\u00f4ng gian y\u00ean b\u00ecnh, t\u1ea1o \u0111i\u1ec1u ki\u1ec7n thu\u1eadn l\u1ee3i t\u1ed1t nh\u1ea5t cho vi\u1ec7c ngh\u1ec9 ng\u01a1i. Kh\u00f4ng gian r\u1ed9ng l\u1edbn cung c\u1ea5p cho b\u1ea1n m\u1ed9t kh\u00f4ng gian tho\u1ea3i m\u00e1i v\u00e0 c\u1ea3m th\u1ea5y nh\u01b0 \u1edf nh\u00e0 v\u1edbi ch\u0103n ga g\u1ed1i sang tr\u1ecdng \u0111\u1ea3m b\u1ea3o gi\u1ea5c ng\u1ee7 ngon l\u00e0nh. Ph\u00f2ng t\u1eafm thi\u1ebft k\u1ebf ri\u00eang \u0111\u01b0\u1ee3c trang b\u1ecb \u0111\u1ea7y \u0111\u1ee7 cung c\u1ea5p m\u1ed9t kh\u00f4ng gian ri\u00eang t\u01b0 cho vi\u1ec7c ch\u0103m s\u00f3c b\u1ea3n th\u00e2n, bao g\u1ed3m c\u1ea3 m\u1ed9t b\u1ed3n t\u1eafm \u0111\u1ec3 b\u1ea1n c\u00f3 th\u1ec3 th\u01b0 gi\u00e3n sau m\u1ed9t ng\u00e0y d\u00e0i.<\/span><\/p>\n<p style=\"text-align: justify;\"><span style=\"font-family: helvetica, arial, sans-serif; font-size: 12pt;\">S\u1edf h\u1eefu ban c\u00f4ng h\u01b0\u1edbng v\u01b0\u1eddn gi\u00fap b\u1ea1n ch\u00e0o \u0111\u00f3n b\u00ecnh minh tuy\u1ec7t \u0111\u1eb9p b\u1edfi t\u1ea7m nh\u00ecn tuy\u1ec7t v\u1eddi c\u1ee7a nh\u1eefng khu v\u01b0\u1eddn xanh t\u1ed1t xung quanh khu resort, t\u1ea1o \u0111i\u1ec1u ki\u1ec7n ho\u00e0n h\u1ea3o \u0111\u1ec3 th\u01b0 gi\u00e3n v\u1edbi m\u1ed9t t\u00e1ch c\u00e0 ph\u00ea ho\u1eb7c tr\u00e0, ho\u1eb7c \u0111\u01a1n gi\u1ea3n l\u00e0 t\u1eadn h\u01b0\u1edfng s\u1ef1 y\u00ean b\u00ecnh c\u1ee7a thi\u00ean nhi\u00ean. Sau m\u1ed9t ng\u00e0y th\u00e1m hi\u1ec3m nh\u1eefng con \u0111\u01b0\u1eddng quy\u1ebfn r\u0169 c\u1ee7a H\u1ed9i An, ph\u00f2ng Deluxe ch\u00ednh l\u00e0 n\u01a1i t\u1eadn h\u01b0\u1edfng s\u1ef1 y\u00ean b\u00ecnh. B\u1ea1n c\u00f3 th\u1ec3 th\u1ea3 m\u00ecnh tr\u00ean chi\u1ebfc gi\u01b0\u1eddng v\u00e0 \u0111\u1eafm ch\u00ecm v\u00e0o m\u1ed9t cu\u1ed1n s\u00e1ch hay, ho\u1eb7c th\u01b0 gi\u00e3n tr\u00ean ban c\u00f4ng v\u00e0 \u0111\u1ec3 l\u00e0n gi\u00f3 nh\u1eb9 ru b\u1ea1n v\u00e0o tr\u1ea1ng th\u00e1i b\u00ecnh y\u00ean.<\/span><\/p>\n<p><strong><br \/>\n<span style=\"font-family: helvetica, arial, sans-serif; font-size: 12pt;\">Ch\u00ednh s\u00e1ch nh\u1eadn\/tr\u1ea3 ph\u00f2ng:<\/span><\/strong><\/p>\n<ul>\n<li><span style=\"font-family: helvetica, arial, sans-serif; font-size: 12pt;\">Th\u1eddi gian nh\u1eadn ph\u00f2ng: T\u1eeb 3:00 gi\u1edd chi\u1ec1u<\/span><\/li>\n<li><span style=\"font-family: helvetica, arial, sans-serif; font-size: 12pt;\">Th\u1eddi gian tr\u1ea3 ph\u00f2ng: Kh\u00f4ng mu\u1ed9n h\u01a1n 12:00<\/span><\/li>\n<li><span style=\"font-family: helvetica, arial, sans-serif; font-size: 12pt;\">Nh\u1eadn ph\u00f2ng s\u1edbm: T\u00f9y v\u00e0o t\u00ecnh tr\u1ea1ng ph\u00f2ng tr\u1ed1ng.<\/span><\/li>\n<\/ul>\n<hr \/>\n<h2><span style=\"font-family: helvetica, arial, sans-serif; font-size: 12pt;\">Ti\u1ec7n nghi<\/span><\/h2>\n<ul>\n<li style=\"font-weight: 400;\" aria-level=\"1\"><span style=\"font-weight: 400; font-family: helvetica, arial, sans-serif; font-size: 12pt;\">\u0110\u1ed3 u\u1ed1ng ch\u00e0o m\u1eebng khi \u0111\u1ebfn<\/span><\/li>\n<li style=\"font-weight: 400;\" aria-level=\"1\"><span style=\"font-weight: 400; font-family: helvetica, arial, sans-serif; font-size: 12pt;\">Th\u00f4ng tin \u0111\u1ecbnh h\u01b0\u1edbng Resort &amp; th\u1ecb tr\u1ea5n H\u1ed9i An<\/span><\/li>\n<li style=\"font-weight: 400;\" aria-level=\"1\"><span style=\"font-weight: 400; font-family: helvetica, arial, sans-serif; font-size: 12pt;\">King bed or Twin beds<\/span><\/li>\n<li style=\"font-weight: 400;\" aria-level=\"1\"><span style=\"font-weight: 400; font-family: helvetica, arial, sans-serif; font-size: 12pt;\">B\u00e0n vi\u1ebft<\/span><\/li>\n<li style=\"font-weight: 400;\" aria-level=\"1\"><span style=\"font-weight: 400; font-family: helvetica, arial, sans-serif; font-size: 12pt;\">B\u00e0n gh\u1ebf \u1edf ban c\u00f4ng<\/span><\/li>\n<li style=\"font-weight: 400;\" aria-level=\"1\"><span style=\"font-weight: 400; font-family: helvetica, arial, sans-serif; font-size: 12pt;\">Chai n\u01b0\u1edbc mi\u1ec5n ph\u00ed<\/span><\/li>\n<li style=\"font-weight: 400;\" aria-level=\"1\"><span style=\"font-weight: 400; font-family: helvetica, arial, sans-serif; font-size: 12pt;\">Tr\u00e0 v\u00e0 c\u00e0 ph\u00ea<\/span><\/li>\n<li style=\"font-weight: 400;\" aria-level=\"1\"><span style=\"font-weight: 400; font-family: helvetica, arial, sans-serif; font-size: 12pt;\">D\u1ecbch v\u1ee5 ph\u00f2ng<\/span><\/li>\n<li style=\"font-weight: 400;\" aria-level=\"1\"><span style=\"font-weight: 400; font-family: helvetica, arial, sans-serif; font-size: 12pt;\">D\u1ecdn ph\u00f2ng 2 l\u1ea7n m\u1ed7i ng\u00e0y<\/span><\/li>\n<li style=\"font-weight: 400;\" aria-level=\"1\"><span style=\"font-weight: 400; font-family: helvetica, arial, sans-serif; font-size: 12pt;\">Ph\u00f2ng t\u1eafm ri\u00eang<\/span><\/li>\n<li style=\"font-weight: 400;\" aria-level=\"1\"><span style=\"font-weight: 400; font-family: helvetica, arial, sans-serif; font-size: 12pt;\">\u00c1o cho\u00e0ng t\u1eafm<\/span><\/li>\n<li style=\"font-weight: 400;\" aria-level=\"1\"><span style=\"font-weight: 400; font-family: helvetica, arial, sans-serif; font-size: 12pt;\">Ti\u1ec7n \u00edch ph\u00f2ng t\u1eafm sang tr\u1ecdng<\/span><\/li>\n<li style=\"font-weight: 400;\" aria-level=\"1\"><span style=\"font-weight: 400; font-family: helvetica, arial, sans-serif; font-size: 12pt;\">B\u1ed3n t\u1eafm v\u00e0 b\u1ed3n t\u1eafm t\u1eafm ri\u00eang bi\u1ec7t<\/span><\/li>\n<li style=\"font-weight: 400;\" aria-level=\"1\"><span style=\"font-weight: 400; font-family: helvetica, arial, sans-serif; font-size: 12pt;\">M\u00e1y s\u1ea5y t\u00f3c<\/span><\/li>\n<li style=\"font-weight: 400;\" aria-level=\"1\"><span style=\"font-weight: 400; font-family: helvetica, arial, sans-serif; font-size: 12pt;\">\u1ed4 c\u1eafm m\u00e1y c\u1ea1o r\u00e2u (220 volt)<\/span><\/li>\n<li style=\"font-weight: 400;\" aria-level=\"1\"><span style=\"font-weight: 400; font-family: helvetica, arial, sans-serif; font-size: 12pt;\">D\u1ecbch v\u1ee5 gi\u1eb7t \u1ee7i<\/span><\/li>\n<li style=\"font-weight: 400;\" aria-level=\"1\"><span style=\"font-weight: 400; font-family: helvetica, arial, sans-serif; font-size: 12pt;\">k\u00e9t s\u1eaft \u0111i\u1ec7n t\u1eed<\/span><\/li>\n<li style=\"font-weight: 400;\" aria-level=\"1\"><span style=\"font-weight: 400; font-family: helvetica, arial, sans-serif; font-size: 12pt;\">\u0110i\u1ec1u h\u00f2a kh\u00f4ng kh\u00ed chia \u0111\u00f4i<\/span><\/li>\n<li style=\"font-weight: 400;\" aria-level=\"1\"><span style=\"font-weight: 400; font-family: helvetica, arial, sans-serif; font-size: 12pt;\">Mi\u1ec5n ph\u00ed Wifi t\u1ed1c \u0111\u1ed9 cao<\/span><\/li>\n<li style=\"font-weight: 400;\" aria-level=\"1\"><span style=\"font-weight: 400; font-family: helvetica, arial, sans-serif; font-size: 12pt;\">\u0110\u00e8n \u0111\u1ecdc s\u00e1ch<\/span><\/li>\n<li style=\"font-weight: 400;\" aria-level=\"1\"><span style=\"font-weight: 400; font-family: helvetica, arial, sans-serif; font-size: 12pt;\">\u0110i\u1ec7n tho\u1ea1i IDD<\/span><\/li>\n<li style=\"font-weight: 400;\" aria-level=\"1\"><span style=\"font-weight: 400; font-family: helvetica, arial, sans-serif; font-size: 12pt;\">TV m\u00e0n h\u00ecnh ph\u1eb3ng 55&#8242; c\u00f3 truy\u1ec1n h\u00ecnh c\u00e1p<\/span><\/li>\n<li style=\"font-weight: 400;\" aria-level=\"1\"><span style=\"font-weight: 400; font-family: helvetica, arial, sans-serif; font-size: 12pt;\">C\u00e1c ti\u1ec7n \u00edch kh\u00e1c: C\u00e2n, \u0110\u1ed3ng h\u1ed3 b\u00e1o th\u1ee9c, \u00d4 d\u00f9<\/span><\/li>\n<li style=\"font-weight: 400;\" aria-level=\"1\"><span style=\"font-weight: 400; font-family: helvetica, arial, sans-serif; font-size: 12pt;\">V\u1eadt nu\u00f4i kh\u00f4ng \u0111\u01b0\u1ee3c ph\u00e9p<\/span><\/li>\n<\/ul>\n","protected":false},"excerpt":{"rendered":"<p style=\"text-align: justify;\"><span style=\"font-family: helvetica, arial, sans-serif; font-size: 12pt;\">Deluxe Room t\u1ea1i Bliss Hoi An Beach Resort &amp; Wellness l\u00e0 s\u1ef1 l\u1ef1a ch\u1ecdn ho\u00e0n h\u1ea3o cho nh\u1eefng du kh\u00e1ch t\u00ecm ki\u1ebfm m\u1ed9t k\u00ec ngh\u1ec9 tho\u1ea3i m\u00e1i v\u00e0 sang tr\u1ecdng. \u0110\u01b0\u1ee3c trang b\u1ecb \u0111\u1ed3 n\u1ed9i th\u1ea5t tinh t\u1ebf v\u00e0 ti\u1ec7n nghi hi\u1ec7n \u0111\u1ea1i, nh\u1eefng ph\u00f2ng Deluxe mang \u0111\u1ebfn cho qu\u00fd kh\u00e1ch m\u1ed9t b\u1ea7u kh\u00f4ng kh\u00ed y\u00ean b\u00ecnh, t\u1ea1o \u0111i\u1ec1u ki\u1ec7n thu\u1eadn l\u1ee3i t\u1ed1t nh\u1ea5t cho vi\u1ec7c ngh\u1ec9 ng\u01a1i. Kh\u00f4ng gian r\u1ed9ng l\u1edbn cung c\u1ea5p cho b\u1ea1n m\u1ed9t kh\u00f4ng gian tho\u1ea3i m\u00e1i v\u00e0 c\u1ea3m th\u1ea5y nh\u01b0 \u1edf nh\u00e0 v\u1edbi ch\u0103n ga g\u1ed1i sang tr\u1ecdng \u0111\u1ea3m b\u1ea3o gi\u1ea5c ng\u1ee7 ngon l\u00e0nh. Ph\u00f2ng t\u1eafm thi\u1ebft k\u1ebf ri\u00eang \u0111\u01b0\u1ee3c trang b\u1ecb \u0111\u1ea7y \u0111\u1ee7 cung c\u1ea5p m\u1ed9t kh\u00f4ng gian ri\u00eang t\u01b0 cho vi\u1ec7c ch\u0103m s\u00f3c b\u1ea3n th\u00e2n, bao g\u1ed3m c\u1ea3 m\u1ed9t b\u1ed3n t\u1eafm \u0111\u1ec3 b\u1ea1n c\u00f3 th\u1ec3 th\u01b0 gi\u00e3n sau m\u1ed9t ng\u00e0y d\u00e0i.<\/span><\/p>\n<p><span style=\"font-family: helvetica, arial, sans-serif; font-size: 12pt;\"><strong>Gi\u00e1 bao g\u1ed3m:<\/strong>\u00a0Tr\u00e0 chi\u1ec1u mi\u1ec5n ph\u00ed cho t\u1ea5t c\u1ea3 kh\u00e1ch (m\u1ed9t l\u1ea7n l\u01b0u tr\u00fa)<\/span><\/p>\n","protected":false},"featured_media":14152,"comment_status":"open","ping_status":"closed","template":"","meta":{"content-type":""},"product_brand":[],"product_cat":[641],"product_tag":[636,649],"class_list":{"0":"post-17417","1":"product","2":"type-product","3":"status-publish","4":"has-post-thumbnail","6":"product_cat-hang-phong","7":"product_tag-deluxe-room-vi","8":"product_tag-deluxe-room-bliss-hoi-an-vi","10":"first","11":"instock","12":"shipping-taxable","13":"purchasable","14":"product-type-simple"},"_links":{"self":[{"href":"https:\/\/hoianblissresort.com\/vi\/wp-json\/wp\/v2\/product\/17417","targetHints":{"allow":["GET"]}}],"collection":[{"href":"https:\/\/hoianblissresort.com\/vi\/wp-json\/wp\/v2\/product"}],"about":[{"href":"https:\/\/hoianblissresort.com\/vi\/wp-json\/wp\/v2\/types\/product"}],"replies":[{"embeddable":true,"href":"https:\/\/hoianblissresort.com\/vi\/wp-json\/wp\/v2\/comments?post=17417"}],"wp:featuredmedia":[{"embeddable":true,"href":"https:\/\/hoianblissresort.com\/vi\/wp-json\/wp\/v2\/media\/14152"}],"wp:attachment":[{"href":"https:\/\/hoianblissresort.com\/vi\/wp-json\/wp\/v2\/media?parent=17417"}],"wp:term":[{"taxonomy":"product_brand","embeddable":true,"href":"https:\/\/hoianblissresort.com\/vi\/wp-json\/wp\/v2\/product_brand?post=17417"},{"taxonomy":"product_cat","embeddable":true,"href":"https:\/\/hoianblissresort.com\/vi\/wp-json\/wp\/v2\/product_cat?post=17417"},{"taxonomy":"product_tag","embeddable":true,"href":"https:\/\/hoianblissresort.com\/vi\/wp-json\/wp\/v2\/product_tag?post=17417"}],"curies":[{"name":"wp","href":"https:\/\/api.w.org\/{rel}","templated":true}]}}