{"id":17614,"date":"2024-01-09T03:21:08","date_gmt":"2024-01-09T03:21:08","guid":{"rendered":"https:\/\/hoianblissresort.com\/?page_id=17614"},"modified":"2024-12-27T07:48:41","modified_gmt":"2024-12-27T07:48:41","slug":"huong-dan-dat-phong-va-thanh-toan","status":"publish","type":"page","link":"https:\/\/hoianblissresort.com\/vi\/huong-dan-dat-phong-va-thanh-toan\/","title":{"rendered":"H\u01b0\u1edbng d\u1eabn \u0111\u1eb7t ph\u00f2ng v\u00e0 thanh to\u00e1n"},"content":{"rendered":"\t\t<div data-elementor-type=\"wp-page\" data-elementor-id=\"17614\" class=\"elementor elementor-17614\" data-elementor-post-type=\"page\">\n\t\t\t\t\t\t<section class=\"elementor-section elementor-top-section elementor-element elementor-element-2a8de5e elementor-section-full_width elementor-section-stretched elementor-section-height-default elementor-section-height-default\" data-id=\"2a8de5e\" data-element_type=\"section\" data-settings=\"{&quot;stretch_section&quot;:&quot;section-stretched&quot;}\">\n\t\t\t\t\t\t<div class=\"elementor-container elementor-column-gap-default\">\n\t\t\t\t\t<div class=\"elementor-column elementor-col-100 elementor-top-column elementor-element elementor-element-3a2adfc\" data-id=\"3a2adfc\" data-element_type=\"column\">\n\t\t\t<div class=\"elementor-widget-wrap elementor-element-populated\">\n\t\t\t\t\t\t<section class=\"elementor-section elementor-inner-section elementor-element elementor-element-768e347 elementor-section-full_width elementor-section-height-default elementor-section-height-default\" data-id=\"768e347\" data-element_type=\"section\">\n\t\t\t\t\t\t<div class=\"elementor-container elementor-column-gap-default\">\n\t\t\t\t\t<div class=\"elementor-column elementor-col-100 elementor-inner-column elementor-element elementor-element-f57388d\" data-id=\"f57388d\" data-element_type=\"column\">\n\t\t\t<div class=\"elementor-widget-wrap elementor-element-populated\">\n\t\t\t\t\t\t<div class=\"elementor-element elementor-element-901fa0a elementor-widget elementor-widget-image\" data-id=\"901fa0a\" data-element_type=\"widget\" data-widget_type=\"image.default\">\n\t\t\t\t<div class=\"elementor-widget-container\">\n\t\t\t\t\t\t\t\t\t\t\t\t\t\t\t<img fetchpriority=\"high\" decoding=\"async\" width=\"2560\" height=\"550\" src=\"https:\/\/hoianblissresort.com\/wp-content\/uploads\/2023\/11\/product_n_services_hoianblissresort.com_-scaled.jpg\" class=\"attachment-full size-full wp-image-13740\" alt=\"\" \/>\t\t\t\t\t\t\t\t\t\t\t\t\t\t\t<\/div>\n\t\t\t\t<\/div>\n\t\t\t\t<section class=\"elementor-section elementor-inner-section elementor-element elementor-element-710320f elementor-section-boxed elementor-section-height-default elementor-section-height-default\" data-id=\"710320f\" data-element_type=\"section\">\n\t\t\t\t\t\t<div class=\"elementor-container elementor-column-gap-default\">\n\t\t\t\t\t<div class=\"elementor-column elementor-col-100 elementor-inner-column elementor-element elementor-element-bda357a\" data-id=\"bda357a\" data-element_type=\"column\">\n\t\t\t<div class=\"elementor-widget-wrap elementor-element-populated\">\n\t\t\t\t\t\t<div class=\"elementor-element elementor-element-ade2533 elementor-widget elementor-widget-heading\" data-id=\"ade2533\" data-element_type=\"widget\" data-widget_type=\"heading.default\">\n\t\t\t\t<div class=\"elementor-widget-container\">\n\t\t\t\t\t<h2 class=\"elementor-heading-title elementor-size-default\">H\u01b0\u1edbng d\u1eabn \u0111\u1eb7t ph\u00f2ng v\u00e0 thanh to\u00e1n<\/h2>\t\t\t\t<\/div>\n\t\t\t\t<\/div>\n\t\t\t\t<div class=\"elementor-element elementor-element-a317dcf elementor-widget__width-initial elementor-widget elementor-widget-text-editor\" data-id=\"a317dcf\" data-element_type=\"widget\" data-widget_type=\"text-editor.default\">\n\t\t\t\t<div class=\"elementor-widget-container\">\n\t\t\t\t\t\t\t\t\t<div style=\"margin: 0.5em 0px 0px; overflow-wrap: break-word; white-space-collapse: preserve; font-family: 'Segoe UI Historic', 'Segoe UI', Helvetica, Arial, sans-serif; color: #080809; font-size: 15px;\"><p><b>\u00a0<\/b><\/p><div dir=\"auto\" style=\"font-family: inherit;\"><b>Bliss Hoi An Beach Resort &amp; Wellness ch\u1ec9 s\u1edf h\u1eefu duy nh\u1ea5t m\u1ed9t STK ng\u00e2n h\u00e0ng \u0111\u1ec3 Qu\u00fd kh\u00e1ch giao d\u1ecbch, c\u1ee5 th\u1ec3:<\/b><\/div><\/div><div style=\"margin: 0.5em 0px 0px; overflow-wrap: break-word; white-space-collapse: preserve; font-family: 'Segoe UI Historic', 'Segoe UI', Helvetica, Arial, sans-serif; color: #080809; font-size: 15px;\"><div dir=\"auto\" style=\"font-family: inherit;\"><b><span style=\"text-align: inherit; overflow-wrap: break-word; padding: 0px; margin: 0px 1px; display: inline-flex; vertical-align: middle; width: 16px; height: 16px; font-family: inherit;\"><img decoding=\"async\" style=\"border-width: 0px; border-style: initial; object-fit: fill;\" src=\"https:\/\/static.xx.fbcdn.net\/images\/emoji.php\/v9\/t4c\/1\/16\/25aa.png\" alt=\"\u25aa\ufe0f\" width=\"16\" height=\"16\" \/><\/span> T\u00ean t\u00e0i kho\u1ea3n: C\u00f4ng ty TNHH Du L\u1ecbch Ngh\u1ec9 D\u01b0\u1ee1ng L\u00e0ng Bi\u1ec3n Nhi\u1ec7t \u0110\u1edbi H\u1ed9i An<\/b><b><\/b><\/div><div dir=\"auto\" style=\"font-family: inherit;\"><b><span style=\"text-align: inherit; overflow-wrap: break-word; padding: 0px; margin: 0px 1px; display: inline-flex; vertical-align: middle; width: 16px; height: 16px; font-family: inherit;\"><img decoding=\"async\" style=\"border-width: 0px; border-style: initial; object-fit: fill;\" src=\"https:\/\/static.xx.fbcdn.net\/images\/emoji.php\/v9\/t4c\/1\/16\/25aa.png\" alt=\"\u25aa\ufe0f\" width=\"16\" height=\"16\" \/><\/span> S\u1ed1 t\u00e0i kho\u1ea3n: 8652106868 <\/b><b><\/b><\/div><div dir=\"auto\" style=\"font-family: inherit;\"><b><span style=\"text-align: inherit; overflow-wrap: break-word; padding: 0px; margin: 0px 1px; display: inline-flex; vertical-align: middle; width: 16px; height: 16px; font-family: inherit;\"><img decoding=\"async\" style=\"border-width: 0px; border-style: initial; object-fit: fill;\" src=\"https:\/\/static.xx.fbcdn.net\/images\/emoji.php\/v9\/t4c\/1\/16\/25aa.png\" alt=\"\u25aa\ufe0f\" width=\"16\" height=\"16\" \/><\/span> T\u1ea1i ng\u00e2n h\u00e0ng: BIDV \u2013 Chi Nh\u00e1nh C\u1ea7u Gi\u1ea5y<\/b><\/div><div dir=\"auto\">\u00a0<\/div><\/div><p style=\"text-align: justify;\"><span style=\"font-family: helvetica, arial, sans-serif;\"><strong><span style=\"font-size: 12pt;\">\u0110\u1ec3 \u0111\u1eb7t ph\u00f2ng, Quy\u0301 kha\u0301ch co\u0301 th\u00ea\u0309 cho\u0323n m\u00f4\u0323t trong nh\u1eefng ca\u0301ch sau \u0111\u00e2y:<\/span><\/strong><\/span><\/p><p style=\"text-align: justify;\"><span style=\"font-family: helvetica, arial, sans-serif;\"><em><span style=\"font-size: 12pt;\">\u0110\u1eb7t ph\u00f2ng tr\u1ef1c ti\u1ebfp v\u1edbi ch\u00fang t\u00f4i \u0111\u1ec3 nh\u1eadn gi\u00e1 t\u1ed1t nh\u1ea5t v\u1edbi c\u00e1c khuy\u1ebfn m\u00e3i tuy\u1ec7t v\u1eddi.<\/span><\/em><\/span><\/p><p style=\"text-align: justify;\"><span style=\"font-family: helvetica, arial, sans-serif; font-size: 12pt;\"><strong>Ca\u0301ch th\u01b0\u0301 nh\u00e2\u0301t:<\/strong> Go\u0323i \u0111i\u00ea\u0323n \u0111\u00ea\u0301n hotline: <a href=\"tel:84911889558\">+84 911 889 558 <\/a><\/span><\/p><p style=\"text-align: justify;\"><span style=\"font-family: helvetica, arial, sans-serif; font-size: 12pt;\"><strong>C\u00e1ch th\u1ee9 hai:<\/strong> \u0110\u0103\u0323t ph\u00f2ng qua email: <a href=\"mailto:info@hoianblissresort.com\">info@hoianblissresort.com\u00a0<\/a> \u00a0 <\/span><\/p><p style=\"text-align: justify;\"><span style=\"font-family: helvetica, arial, sans-serif; font-size: 12pt;\"><strong>C\u00e1ch th\u1ee9 ba:<\/strong> \u0110\u0103\u0323t ph\u00f2ng qua fanpage:<a href=\"http:\/\/m.me\/107697431653022\"> https:\/\/www.facebook.com\/blisshoian<\/a><\/span><\/p><p style=\"text-align: justify;\"><span style=\"font-family: helvetica, arial, sans-serif; font-size: 12pt;\"><strong>C\u00e1ch th\u1ee9 t\u01b0:<\/strong> \u0110\u0103\u0323t ph\u00f2ng qua website:\u00a0<\/span><span style=\"color: #000000;\"><span style=\"font-size: 16px;\">https:\/\/hoianblissresort.com\/vi\/<\/span><\/span><\/p><p style=\"text-align: justify;\"><span style=\"font-family: helvetica, arial, sans-serif;\"><span style=\"font-size: 12pt;\">Qu\u00fd kh\u00e1ch vui l\u00f2ng truy c\u1eadp website: <\/span><\/span><span style=\"color: #daa261;\"><span style=\"font-size: 16px;\">https:\/\/hoianblissresort.com\/vi\/reservation\/<\/span><\/span><span style=\"font-family: helvetica, arial, sans-serif;\"><span style=\"font-size: 12pt;\">\u00a0, sau \u0111\u00f3 th\u1ef1c hi\u1ec7n theo c\u00e1c b\u01b0\u1edbc sau \u0111\u00e2y: <\/span><\/span><\/p><p><span style=\"font-family: helvetica, arial, sans-serif; font-size: 12pt;\">1\/ T\u00edch v\u00e0o m\u1ee5c \u201cH\u1ea1ng Ph\u00f2ng\u201d sau \u0111\u00f3 ch\u1ecdn ph\u00f2ng Qu\u00fd kh\u00e1ch mong mu\u1ed1n.<\/span><\/p><p><span style=\"font-size: 12pt; font-family: helvetica, arial, sans-serif;\">2\/ Qu\u00fd kh\u00e1ch \u0111i\u1ec1n \u201cNg\u00e0y nh\u1eadn ph\u00f2ng\u201d v\u00e0 \u201cNg\u00e0y tr\u1ea3 ph\u00f2ng\u201d v\u00e0 b\u1ea5m v\u00e0o &#8221; \u0110\u1eb7t Ngay&#8221;<\/span><\/p><p><span style=\"font-size: 12pt; font-family: helvetica, arial, sans-serif;\">3\/ Qu\u00fd kh\u00e1ch vui l\u00f2ng ki\u1ec3m tra l\u1ea1i th\u00f4ng tin ph\u00f2ng (Di\u1ec7n t\u00edch, gi\u01b0\u1eddng, s\u1ed1 l\u01b0\u1ee3ng ng\u01b0\u1eddi \u1edf,\u2026) sau \u0111\u00f3 t\u00edch v\u00e0o \u201cL\u1ef1a ch\u1ecdn\u201d<\/span><\/p><p><span style=\"font-size: 12pt; font-family: helvetica, arial, sans-serif;\">4\/ T\u1ea1i m\u1ee5c th\u00f4ng tin chi ti\u1ebft, Qu\u00fd kh\u00e1ch nh\u1eadp th\u00f4ng tin h\u1ecd t\u00ean, \u0111\u1ecba ch\u1ec9 email, s\u1ed1 \u0111i\u1ec7n tho\u1ea1i, th\u1eddi gian d\u1ef1 ki\u1ebfn \u0111\u1ebfn v\u00e0 y\u00eau c\u1ea7u (n\u1ebfu c\u00f3) v\u00e0 t\u00edch ch\u1ecdn \u201cTi\u1ebfp t\u1ee5c\u201d.<\/span><\/p><p><span style=\"font-size: 12pt; font-family: helvetica, arial, sans-serif;\">5\/ Sau \u0111\u00f3 Qu\u00fd kh\u00e1ch nh\u1eadp th\u00f4ng tin thanh to\u00e1n nh\u01b0: T\u00ean ch\u1ee7 th\u1ebb, s\u1ed1 th\u1ebb, ng\u00e0y thanh to\u00e1n, n\u1ed9i dung thanh to\u00e1n. Qu\u00fd kh\u00e1ch vui l\u00f2ng \u0111\u1ecdc \u201cC\u00e1c \u0111i\u1ec1u kho\u1ea3n v\u00e0 \u0111i\u1ec1u ki\u1ec7n\u201d v\u00e0 t\u00edch v\u00e0o \u0111\u1ed3ng \u00fd v\u1edbi \u0111i\u1ec1u kho\u1ea3n tr\u00ean.<\/span><\/p><p><span style=\"font-size: 12pt; font-family: helvetica, arial, sans-serif;\">6\/ Cu\u1ed1i c\u00f9ng ch\u1ecdn \u0111\u1ec3 g\u1eedi y\u00eau c\u1ea7u \u0111\u1eb7t ph\u00f2ng \u0111\u1ebfn tr\u1ef1c ti\u1ebfp cho Ch\u00fang t\u00f4i.<\/span><\/p><p style=\"text-align: justify;\"><span style=\"font-family: helvetica, arial, sans-serif;\"><strong><span style=\"font-size: 12pt;\">Ph\u01b0\u01a1ng th\u1ee9c thanh to\u00e1n an to\u00e0n v\u00e0 linh ho\u1ea1t .<\/span><\/strong><\/span><\/p><p style=\"text-align: justify;\"><span style=\"font-family: helvetica, arial, sans-serif; font-size: 12pt;\">Giao d\u1ecbch tr\u1ef1c tuy\u1ebfn an to\u00e0n v\u1edbi nhi\u1ec1u l\u1ef1a ch\u1ecdn nh\u01b0 thanh to\u00e1n b\u1eb1ng th\u1ebb t\u00edn d\u1ee5ng ( Visa, MasterCard, Amex ), chuy\u1ec3n kho\u1ea3n ng\u00e2n h\u00e0ng. <\/span><\/p><p style=\"text-align: justify;\"><span style=\"font-family: helvetica, arial, sans-serif; font-size: 12pt;\"><strong>L\u01b0u \u00fd:<\/strong> N\u1ed9i dung thanh to\u00e1n Qu\u00fd kh\u00e1ch vui l\u00f2ng ghi r\u00f5 h\u1ecd v\u00e0 t\u00ean ng\u01b0\u1eddi \u0111\u1eb7t.<\/span><\/p><p style=\"text-align: justify;\"><span style=\"font-family: helvetica, arial, sans-serif;\"><strong><span style=\"font-size: 12pt;\">H\u1ed7 tr\u1ee3 kh\u00e1ch h\u00e0ng 24\/7<\/span><\/strong><\/span><\/p><p style=\"text-align: justify;\"><span style=\"font-family: helvetica, arial, sans-serif; font-size: 12pt;\">\u0110\u1ed9i ng\u0169 nh\u00e2n vi\u00ean h\u1ed7 tr\u1ee3 kh\u00e1ch h\u00e0ng lu\u00f4n gi\u00fap \u0111\u1ee1 b\u1ea1n trong t\u1eebng b\u01b0\u1edbc c\u1ee7a qu\u00e1 tr\u00ecnh \u0111\u1eb7t ph\u00f2ng v\u00e0 d\u1ecbch v\u1ee5.<\/span><\/p><div style=\"text-align: justify;\"><span style=\"font-family: helvetica, arial, sans-serif; font-size: 12pt;\">&#8212;&#8212;&#8212;&#8212;<\/span><\/div><p style=\"text-align: justify;\"><span style=\"font-size: 14pt; font-family: helvetica, arial, sans-serif;\"><strong>BLISS HOI AN BEACH RESORT &amp; WELLNESS<\/strong><\/span><\/p><p style=\"text-align: justify;\"><span style=\"font-family: helvetica, arial, sans-serif; font-size: 12pt;\">B\u00e3i bi\u1ec3n B\u00ecnh Minh, H\u1ed9i An, Qu\u1ea3ng Nam, Vi\u1ec7t Nam<\/span><\/p><p style=\"text-align: justify;\"><span style=\"font-family: helvetica, arial, sans-serif; font-size: 12pt;\"><strong>Hotline:<\/strong> +84 911 889 558<\/span><\/p><p style=\"text-align: justify;\"><span style=\"font-family: helvetica, arial, sans-serif; font-size: 12pt;\"><strong>L\u1ec5 t\u00e2n:<\/strong>\u00a0 <a href=\"tel:842353874999\">+ 84 235 3874 999 <\/a><\/span><\/p><p style=\"text-align: justify;\"><span style=\"font-family: helvetica, arial, sans-serif; font-size: 12pt;\"><strong>Email:<\/strong> <a href=\"mailto:info@hoianblissresort.com\">info@hoianblissresort.com<\/a><\/span><\/p><p style=\"text-align: justify;\"><span style=\"font-family: helvetica, arial, sans-serif; font-size: 12pt;\">VP H\u00e0 N\u1ed9i, 87 Ho\u00e0ng Qu\u1ed1c Vi\u1ec7t, C\u1ea7u Gi\u1ea5y, H\u00e0 N\u1ed9i<\/span><\/p>\t\t\t\t\t\t\t\t<\/div>\n\t\t\t\t<\/div>\n\t\t\t\t\t<\/div>\n\t\t<\/div>\n\t\t\t\t\t<\/div>\n\t\t<\/section>\n\t\t\t\t\t<\/div>\n\t\t<\/div>\n\t\t\t\t\t<\/div>\n\t\t<\/section>\n\t\t\t\t\t<\/div>\n\t\t<\/div>\n\t\t\t\t\t<\/div>\n\t\t<\/section>\n\t\t\t\t<\/div>\n\t\t","protected":false},"excerpt":{"rendered":"<p>H\u01b0\u1edbng d\u1eabn \u0111\u1eb7t ph\u00f2ng v\u00e0 thanh to\u00e1n \u00a0 Bliss Hoi An Beach Resort &amp; Wellness ch\u1ec9 s\u1edf h\u1eefu duy nh\u1ea5t m\u1ed9t STK ng\u00e2n h\u00e0ng \u0111\u1ec3 Qu\u00fd kh\u00e1ch giao d\u1ecbch, c\u1ee5 th\u1ec3: T\u00ean t\u00e0i kho\u1ea3n: C\u00f4ng ty TNHH Du L\u1ecbch Ngh\u1ec9 &hellip; <a href=\"https:\/\/hoianblissresort.com\/vi\/huong-dan-dat-phong-va-thanh-toan\/\">Readmore<\/a><\/p>\n","protected":false},"author":1,"featured_media":0,"parent":0,"menu_order":0,"comment_status":"closed","ping_status":"closed","template":"","meta":{"content-type":"","footnotes":""},"class_list":["post-17614","page","type-page","status-publish","hentry"],"_links":{"self":[{"href":"https:\/\/hoianblissresort.com\/vi\/wp-json\/wp\/v2\/pages\/17614","targetHints":{"allow":["GET"]}}],"collection":[{"href":"https:\/\/hoianblissresort.com\/vi\/wp-json\/wp\/v2\/pages"}],"about":[{"href":"https:\/\/hoianblissresort.com\/vi\/wp-json\/wp\/v2\/types\/page"}],"author":[{"embeddable":true,"href":"https:\/\/hoianblissresort.com\/vi\/wp-json\/wp\/v2\/users\/1"}],"replies":[{"embeddable":true,"href":"https:\/\/hoianblissresort.com\/vi\/wp-json\/wp\/v2\/comments?post=17614"}],"version-history":[{"count":15,"href":"https:\/\/hoianblissresort.com\/vi\/wp-json\/wp\/v2\/pages\/17614\/revisions"}],"predecessor-version":[{"id":25060,"href":"https:\/\/hoianblissresort.com\/vi\/wp-json\/wp\/v2\/pages\/17614\/revisions\/25060"}],"wp:attachment":[{"href":"https:\/\/hoianblissresort.com\/vi\/wp-json\/wp\/v2\/media?parent=17614"}],"curies":[{"name":"wp","href":"https:\/\/api.w.org\/{rel}","templated":true}]}}