{"id":16990,"date":"2024-01-01T08:41:11","date_gmt":"2024-01-01T08:41:11","guid":{"rendered":"https:\/\/hoianblissresort.com\/?page_id=16990"},"modified":"2024-01-30T16:49:41","modified_gmt":"2024-01-30T16:49:41","slug":"spa-wellness","status":"publish","type":"page","link":"https:\/\/hoianblissresort.com\/vi\/spa-wellness\/","title":{"rendered":"Spa &#038; Wellness"},"content":{"rendered":"\t\t<div data-elementor-type=\"wp-page\" data-elementor-id=\"16990\" class=\"elementor elementor-16990\" data-elementor-post-type=\"page\">\n\t\t\t\t\t\t<section class=\"elementor-section elementor-top-section elementor-element elementor-element-b99ebab elementor-section-full_width elementor-section-height-default elementor-section-height-default\" data-id=\"b99ebab\" data-element_type=\"section\">\n\t\t\t\t\t\t<div class=\"elementor-container elementor-column-gap-default\">\n\t\t\t\t\t<div class=\"elementor-column elementor-col-100 elementor-top-column elementor-element elementor-element-c035a60\" data-id=\"c035a60\" data-element_type=\"column\">\n\t\t\t<div class=\"elementor-widget-wrap elementor-element-populated\">\n\t\t\t\t\t\t<div class=\"elementor-element elementor-element-54e7ba6 elementor-widget elementor-widget-image\" data-id=\"54e7ba6\" data-element_type=\"widget\" data-widget_type=\"image.default\">\n\t\t\t\t<div class=\"elementor-widget-container\">\n\t\t\t\t\t\t\t\t\t\t\t\t\t\t\t<img fetchpriority=\"high\" decoding=\"async\" width=\"2560\" height=\"550\" src=\"https:\/\/hoianblissresort.com\/wp-content\/uploads\/2023\/12\/wellness-center.jpg\" class=\"attachment-full size-full wp-image-16070\" alt=\"\" srcset=\"https:\/\/hoianblissresort.com\/wp-content\/uploads\/2023\/12\/wellness-center.jpg 2560w, https:\/\/hoianblissresort.com\/wp-content\/uploads\/2023\/12\/wellness-center-300x64.jpg 300w, https:\/\/hoianblissresort.com\/wp-content\/uploads\/2023\/12\/wellness-center-1024x220.jpg 1024w, https:\/\/hoianblissresort.com\/wp-content\/uploads\/2023\/12\/wellness-center-768x165.jpg 768w, https:\/\/hoianblissresort.com\/wp-content\/uploads\/2023\/12\/wellness-center-1536x330.jpg 1536w, https:\/\/hoianblissresort.com\/wp-content\/uploads\/2023\/12\/wellness-center-2048x440.jpg 2048w, https:\/\/hoianblissresort.com\/wp-content\/uploads\/2023\/12\/wellness-center-1000x215.jpg 1000w\" sizes=\"(max-width: 2560px) 100vw, 2560px\" \/>\t\t\t\t\t\t\t\t\t\t\t\t\t\t\t<\/div>\n\t\t\t\t<\/div>\n\t\t\t\t\t<\/div>\n\t\t<\/div>\n\t\t\t\t\t<\/div>\n\t\t<\/section>\n\t\t\t\t<section class=\"elementor-section elementor-top-section elementor-element elementor-element-794b7cd elementor-hidden-mobile elementor-section-boxed elementor-section-height-default elementor-section-height-default\" data-id=\"794b7cd\" data-element_type=\"section\">\n\t\t\t\t\t\t<div class=\"elementor-container elementor-column-gap-default\">\n\t\t\t\t\t<div class=\"elementor-column elementor-col-100 elementor-top-column elementor-element elementor-element-39d2e2a\" data-id=\"39d2e2a\" data-element_type=\"column\" data-settings=\"{&quot;background_background&quot;:&quot;classic&quot;}\">\n\t\t\t<div class=\"elementor-widget-wrap elementor-element-populated\">\n\t\t\t\t\t\t<div class=\"elementor-element elementor-element-2e97fb0 elementor-widget elementor-widget-shortcode\" data-id=\"2e97fb0\" data-element_type=\"widget\" data-widget_type=\"shortcode.default\">\n\t\t\t\t<div class=\"elementor-widget-container\">\n\t\t\t\t\t\t\t<div class=\"elementor-shortcode\">\t\t<div data-elementor-type=\"section\" data-elementor-id=\"15644\" class=\"elementor elementor-15644 elementor-15093\" data-elementor-post-type=\"elementor_library\">\n\t\t\t\t\t<section class=\"elementor-section elementor-top-section elementor-element elementor-element-00b2eaa elementor-hidden-mobile elementor-section-boxed elementor-section-height-default elementor-section-height-default\" data-id=\"00b2eaa\" data-element_type=\"section\">\n\t\t\t\t\t\t<div class=\"elementor-container elementor-column-gap-default\">\n\t\t\t\t\t<div class=\"elementor-column elementor-col-100 elementor-top-column elementor-element elementor-element-7a15253\" data-id=\"7a15253\" data-element_type=\"column\" data-settings=\"{&quot;background_background&quot;:&quot;classic&quot;}\">\n\t\t\t<div class=\"elementor-widget-wrap elementor-element-populated\">\n\t\t\t\t\t\t<div class=\"elementor-element elementor-element-43a07c7 elementor-absolute elementor-widget__width-initial elementor-button-align-stretch elementor-invisible elementor-widget elementor-widget-form\" data-id=\"43a07c7\" data-element_type=\"widget\" data-settings=\"{&quot;button_width&quot;:&quot;33&quot;,&quot;step_next_label&quot;:&quot;K\\u1ebf ti\\u1ebfp&quot;,&quot;step_previous_label&quot;:&quot;Tr\\u01b0\\u1edbc&quot;,&quot;_position&quot;:&quot;absolute&quot;,&quot;_animation&quot;:&quot;fadeInUp&quot;,&quot;step_type&quot;:&quot;number_text&quot;,&quot;step_icon_shape&quot;:&quot;circle&quot;}\" data-widget_type=\"form.default\">\n\t\t\t\t<div class=\"elementor-widget-container\">\n\t\t\t\t\t\t\t<form class=\"elementor-form\" method=\"post\" name=\"Bi\u1ec3u m\u1eabu m\u1edbi\">\n\t\t\t<input type=\"hidden\" name=\"post_id\" value=\"15644\"\/>\n\t\t\t<input type=\"hidden\" name=\"form_id\" value=\"43a07c7\"\/>\n\t\t\t<input type=\"hidden\" name=\"referer_title\" value=\"Indochine &#x2d; Best Beach Resort in Central\" \/>\n\n\t\t\t\t\t\t\t<input type=\"hidden\" name=\"queried_id\" value=\"15583\"\/>\n\t\t\t\n\t\t\t<div class=\"elementor-form-fields-wrapper elementor-labels-above\">\n\t\t\t\t\t\t\t\t<div class=\"elementor-field-type-date elementor-field-group elementor-column elementor-field-group-name elementor-col-33\">\n\t\t\t\t\t\n\t\t<input type=\"date\" name=\"form_fields[name]\" id=\"form-field-name\" class=\"elementor-field elementor-size-md  elementor-field-textual elementor-date-field\" placeholder=\"Ng\u00e0y nh\u1eadn ph\u00f2ng\" pattern=\"[0-9]{4}-[0-9]{2}-[0-9]{2}\">\n\t\t\t\t\t\t<\/div>\n\t\t\t\t\t\t\t\t<div class=\"elementor-field-type-date elementor-field-group elementor-column elementor-field-group-field_6303859 elementor-col-33\">\n\t\t\t\t\t\n\t\t<input type=\"date\" name=\"form_fields[field_6303859]\" id=\"form-field-field_6303859\" class=\"elementor-field elementor-size-md  elementor-field-textual elementor-date-field\" placeholder=\"Ng\u00e0y tr\u1ea3 ph\u00f2ng\" pattern=\"[0-9]{4}-[0-9]{2}-[0-9]{2}\">\n\t\t\t\t\t\t<\/div>\n\t\t\t\t\t\t\t\t<div class=\"elementor-field-group elementor-column elementor-field-type-submit elementor-col-33 e-form__buttons\">\n\t\t\t\t\t<button class=\"elementor-button elementor-size-md\" type=\"submit\">\n\t\t\t\t\t\t<span class=\"elementor-button-content-wrapper\">\n\t\t\t\t\t\t\t\t\t\t\t\t\t\t\t\t\t\t\t\t\t\t<span class=\"elementor-button-text\">\u0110\u1eb7t ngay<\/span>\n\t\t\t\t\t\t\t\t\t\t\t\t\t<\/span>\n\t\t\t\t\t<\/button>\n\t\t\t\t<\/div>\n\t\t\t<\/div>\n\t\t<\/form>\n\t\t\t\t\t\t<\/div>\n\t\t\t\t<\/div>\n\t\t\t\t\t<\/div>\n\t\t<\/div>\n\t\t\t\t\t<\/div>\n\t\t<\/section>\n\t\t\t\t<\/div>\n\t\t<\/div>\n\t\t\t\t\t\t<\/div>\n\t\t\t\t<\/div>\n\t\t\t\t\t<\/div>\n\t\t<\/div>\n\t\t\t\t\t<\/div>\n\t\t<\/section>\n\t\t\t\t<section class=\"elementor-section elementor-top-section elementor-element elementor-element-fc49836 elementor-section-boxed elementor-section-height-default elementor-section-height-default\" data-id=\"fc49836\" data-element_type=\"section\" data-settings=\"{&quot;background_background&quot;:&quot;classic&quot;}\">\n\t\t\t\t\t\t<div class=\"elementor-container elementor-column-gap-default\">\n\t\t\t\t\t<div class=\"elementor-column elementor-col-100 elementor-top-column elementor-element elementor-element-ee812f6\" data-id=\"ee812f6\" data-element_type=\"column\" data-settings=\"{&quot;background_background&quot;:&quot;classic&quot;}\">\n\t\t\t<div class=\"elementor-widget-wrap elementor-element-populated\">\n\t\t\t\t\t\t<section class=\"elementor-section elementor-inner-section elementor-element elementor-element-cd5d910 elementor-section-boxed elementor-section-height-default elementor-section-height-default\" data-id=\"cd5d910\" data-element_type=\"section\" data-settings=\"{&quot;background_background&quot;:&quot;classic&quot;}\">\n\t\t\t\t\t\t<div class=\"elementor-container elementor-column-gap-default\">\n\t\t\t\t\t<div class=\"elementor-column elementor-col-50 elementor-inner-column elementor-element elementor-element-575bd75\" data-id=\"575bd75\" data-element_type=\"column\" data-settings=\"{&quot;background_background&quot;:&quot;classic&quot;}\">\n\t\t\t<div class=\"elementor-widget-wrap elementor-element-populated\">\n\t\t\t\t\t\t<div class=\"elementor-element elementor-element-ea2270f elementor-widget elementor-widget-heading\" data-id=\"ea2270f\" data-element_type=\"widget\" data-widget_type=\"heading.default\">\n\t\t\t\t<div class=\"elementor-widget-container\">\n\t\t\t\t\t<h3 class=\"elementor-heading-title elementor-size-default\">Ng\u1ecdc Linh Spa<\/h3>\t\t\t\t<\/div>\n\t\t\t\t<\/div>\n\t\t\t\t<div class=\"elementor-element elementor-element-134f927 elementor-widget-divider--view-line elementor-widget elementor-widget-divider\" data-id=\"134f927\" data-element_type=\"widget\" data-widget_type=\"divider.default\">\n\t\t\t\t<div class=\"elementor-widget-container\">\n\t\t\t\t\t\t\t<div class=\"elementor-divider\">\n\t\t\t<span class=\"elementor-divider-separator\">\n\t\t\t\t\t\t<\/span>\n\t\t<\/div>\n\t\t\t\t\t\t<\/div>\n\t\t\t\t<\/div>\n\t\t\t\t<div class=\"elementor-element elementor-element-96c630e elementor-widget elementor-widget-heading\" data-id=\"96c630e\" data-element_type=\"widget\" data-widget_type=\"heading.default\">\n\t\t\t\t<div class=\"elementor-widget-container\">\n\t\t\t\t\t<h2 class=\"elementor-heading-title elementor-size-default\">Ch\u0103m s\u00f3c c\u01a1 th\u1ec3 v\u00e0 tinh th\u1ea7n c\u1ee7a b\u1ea1n v\u1edbi c\u00e1c li\u1ec7u ph\u00e1p tr\u1ecb li\u1ec7u l\u1ea5y c\u1ea3m h\u1ee9ng t\u1eeb c\u00e1c y\u1ebfu t\u1ed1 \u0111\u1ea1i d\u01b0\u01a1ng v\u00e0 nh\u1eefng n\u00e9t tinh t\u1ebf c\u1ee7a v\u0103n h\u00f3a Vi\u1ec7t Nam. T\u1eadn h\u01b0\u1edfng ngh\u1ec7 thu\u1eadt th\u01b0 gi\u00e3n v\u00e0 t\u00e1i t\u1ea1o l\u1ea1i n\u0103ng l\u01b0\u1ee3ng trong kh\u00f4ng gian th\u01b0 th\u00e1i.<\/h2>\t\t\t\t<\/div>\n\t\t\t\t<\/div>\n\t\t\t\t<div class=\"elementor-element elementor-element-5153f56 elementor-widget elementor-widget-heading\" data-id=\"5153f56\" data-element_type=\"widget\" data-widget_type=\"heading.default\">\n\t\t\t\t<div class=\"elementor-widget-container\">\n\t\t\t\t\t<h2 class=\"elementor-heading-title elementor-size-default\"><a href=\"tel:842353874888\"><b>Gi\u1edd m\u1edf c\u1eeda: <\/b>9:00 \u2013 22:00<\/a><\/h2>\t\t\t\t<\/div>\n\t\t\t\t<\/div>\n\t\t\t\t<div class=\"elementor-element elementor-element-f7768d0 elementor-widget elementor-widget-heading\" data-id=\"f7768d0\" data-element_type=\"widget\" data-widget_type=\"heading.default\">\n\t\t\t\t<div class=\"elementor-widget-container\">\n\t\t\t\t\t<h2 class=\"elementor-heading-title elementor-size-default\"><a href=\"tel:842353874888\">\u260e <b>Hotline: <\/b>+84 235 3874 888<\/a><\/h2>\t\t\t\t<\/div>\n\t\t\t\t<\/div>\n\t\t\t\t<div class=\"elementor-element elementor-element-3396802 elementor-widget elementor-widget-heading\" data-id=\"3396802\" data-element_type=\"widget\" data-widget_type=\"heading.default\">\n\t\t\t\t<div class=\"elementor-widget-container\">\n\t\t\t\t\t<h2 class=\"elementor-heading-title elementor-size-default\"><a href=\"mailto:reservation@hoianblissresort.com\">\ud83d\udce9 <b>Email: <\/b>reservation@hoianblissresort.com<\/a><\/h2>\t\t\t\t<\/div>\n\t\t\t\t<\/div>\n\t\t\t\t\t<\/div>\n\t\t<\/div>\n\t\t\t\t<div class=\"elementor-column elementor-col-50 elementor-inner-column elementor-element elementor-element-4c58234\" data-id=\"4c58234\" data-element_type=\"column\">\n\t\t\t<div class=\"elementor-widget-wrap elementor-element-populated\">\n\t\t\t\t\t\t<div class=\"elementor-element elementor-element-b30a146 elementor-widget elementor-widget-shortcode\" data-id=\"b30a146\" data-element_type=\"widget\" data-widget_type=\"shortcode.default\">\n\t\t\t\t<div class=\"elementor-widget-container\">\n\t\t\t\t\t\t\t<div class=\"elementor-shortcode\"><div class=\"foogallery foogallery-container foogallery-carousel foogallery-lightbox-foogallery fg-carousel-hide-nav-arrows fg-carousel-hide-pagination fg-carousel fg-light fg-loading-default fg-loaded-fade-in fg-hover-scale fg-hover-fade fg-ready\" id=\"foogallery-gallery-16929\" data-foogallery=\"{&quot;item&quot;:{&quot;showCaptionTitle&quot;:true,&quot;showCaptionDescription&quot;:true},&quot;lazy&quot;:true,&quot;template&quot;:{&quot;maxItems&quot;:8,&quot;scale&quot;:0.12,&quot;gutter&quot;:{&quot;min&quot;:-40,&quot;max&quot;:-20,&quot;unit&quot;:&quot;%&quot;},&quot;autoplay&quot;:{&quot;time&quot;:0,&quot;interaction&quot;:&quot;pause&quot;},&quot;centerOnClick&quot;:true}}\" data-foogallery-lightbox=\"{&quot;thumbs&quot;:&quot;bottom&quot;,&quot;thumbsCaptions&quot;:false,&quot;thumbsBestFit&quot;:false,&quot;thumbsSmall&quot;:false,&quot;thumbsCaptionsAlign&quot;:&quot;default&quot;,&quot;info&quot;:&quot;bottom&quot;,&quot;infoVisible&quot;:true,&quot;infoOverlay&quot;:true,&quot;infoAlign&quot;:&quot;default&quot;,&quot;transition&quot;:&quot;fade&quot;,&quot;hoverButtons&quot;:false,&quot;fitMedia&quot;:false,&quot;noScrollbars&quot;:true,&quot;preserveButtonSpace&quot;:true,&quot;buttons&quot;:{&quot;fullscreen&quot;:true,&quot;info&quot;:true,&quot;thumbs&quot;:false},&quot;video&quot;:{&quot;autoPlay&quot;:true}}\" >\n\t<button type=\"button\" class=\"fg-carousel-prev\"><\/button>\n\t<div class=\"fg-carousel-inner\">\n\t\t<div class=\"fg-carousel-center\"><\/div>\n\t\t<div class=\"fg-item fg-type-image fg-idle\"><figure class=\"fg-item-inner\"><a href=\"https:\/\/hoianblissresort.com\/wp-content\/uploads\/2023\/12\/Ngoc_Linh_Spa_Bliss_HoiAn_Beach_Resort_Wellness_2-scaled.webp\" data-attachment-id=\"16938\" data-e-disable-page-transition=\"true\" data-type=\"image\" class=\"fg-thumb\"><span class=\"fg-image-wrap\"><img decoding=\"async\" width=\"878\" height=\"492\" class=\"skip-lazy fg-image\" data-src-fg=\"https:\/\/hoianblissresort.com\/wp-content\/uploads\/cache\/2023\/12\/Ngoc_Linh_Spa_Bliss_HoiAn_Beach_Resort_Wellness_2-scaled\/3141754043.webp\" src=\"data:image\/svg+xml,%3Csvg%20xmlns%3D%22http%3A%2F%2Fwww.w3.org%2F2000%2Fsvg%22%20width%3D%22878%22%20height%3D%22492%22%20viewBox%3D%220%200%20878%20492%22%3E%3C%2Fsvg%3E\" loading=\"eager\"><\/span><span class=\"fg-image-overlay\"><\/span><\/a><figcaption class=\"fg-caption\"><div class=\"fg-caption-inner\"><\/div><\/figcaption><\/figure><div class=\"fg-loader\"><\/div><\/div><div class=\"fg-item fg-type-image fg-idle\"><figure class=\"fg-item-inner\"><a href=\"https:\/\/hoianblissresort.com\/wp-content\/uploads\/2023\/12\/ngoc_linh_spa_blis_hoian_beach_resort_n_wellness.webp\" data-attachment-id=\"16934\" data-e-disable-page-transition=\"true\" data-type=\"image\" class=\"fg-thumb\"><span class=\"fg-image-wrap\"><img decoding=\"async\" width=\"878\" height=\"492\" class=\"skip-lazy fg-image\" data-src-fg=\"https:\/\/hoianblissresort.com\/wp-content\/uploads\/cache\/2023\/12\/ngoc_linh_spa_blis_hoian_beach_resort_n_wellness\/1250481656.webp\" src=\"data:image\/svg+xml,%3Csvg%20xmlns%3D%22http%3A%2F%2Fwww.w3.org%2F2000%2Fsvg%22%20width%3D%22878%22%20height%3D%22492%22%20viewBox%3D%220%200%20878%20492%22%3E%3C%2Fsvg%3E\" loading=\"eager\"><\/span><span class=\"fg-image-overlay\"><\/span><\/a><figcaption class=\"fg-caption\"><div class=\"fg-caption-inner\"><\/div><\/figcaption><\/figure><div class=\"fg-loader\"><\/div><\/div><div class=\"fg-item fg-type-image fg-idle\"><figure class=\"fg-item-inner\"><a href=\"https:\/\/hoianblissresort.com\/wp-content\/uploads\/2023\/12\/Ngoc_Linh_Spa_Bliss_HoiAn_Beach_Resort_Wellness_1-scaled.webp\" data-attachment-id=\"16936\" data-e-disable-page-transition=\"true\" data-type=\"image\" class=\"fg-thumb\"><span class=\"fg-image-wrap\"><img decoding=\"async\" width=\"878\" height=\"492\" class=\"skip-lazy fg-image\" data-src-fg=\"https:\/\/hoianblissresort.com\/wp-content\/uploads\/cache\/2023\/12\/Ngoc_Linh_Spa_Bliss_HoiAn_Beach_Resort_Wellness_1-scaled\/512004517.webp\" src=\"data:image\/svg+xml,%3Csvg%20xmlns%3D%22http%3A%2F%2Fwww.w3.org%2F2000%2Fsvg%22%20width%3D%22878%22%20height%3D%22492%22%20viewBox%3D%220%200%20878%20492%22%3E%3C%2Fsvg%3E\" loading=\"eager\"><\/span><span class=\"fg-image-overlay\"><\/span><\/a><figcaption class=\"fg-caption\"><div class=\"fg-caption-inner\"><\/div><\/figcaption><\/figure><div class=\"fg-loader\"><\/div><\/div><div class=\"fg-item fg-type-image fg-idle\"><figure class=\"fg-item-inner\"><a href=\"https:\/\/hoianblissresort.com\/wp-content\/uploads\/2023\/12\/Bliss_HoiAn_Beach_Resort_restspa-7.webp\" data-attachment-id=\"16932\" data-e-disable-page-transition=\"true\" data-type=\"image\" class=\"fg-thumb\"><span class=\"fg-image-wrap\"><img decoding=\"async\" width=\"878\" height=\"492\" class=\"skip-lazy fg-image\" data-src-fg=\"https:\/\/hoianblissresort.com\/wp-content\/uploads\/cache\/2023\/12\/Bliss_HoiAn_Beach_Resort_restspa-7\/1046829972.webp\" src=\"data:image\/svg+xml,%3Csvg%20xmlns%3D%22http%3A%2F%2Fwww.w3.org%2F2000%2Fsvg%22%20width%3D%22878%22%20height%3D%22492%22%20viewBox%3D%220%200%20878%20492%22%3E%3C%2Fsvg%3E\" loading=\"eager\"><\/span><span class=\"fg-image-overlay\"><\/span><\/a><figcaption class=\"fg-caption\"><div class=\"fg-caption-inner\"><\/div><\/figcaption><\/figure><div class=\"fg-loader\"><\/div><\/div><div class=\"fg-item fg-type-image fg-idle\"><figure class=\"fg-item-inner\"><a href=\"https:\/\/hoianblissresort.com\/wp-content\/uploads\/2023\/12\/Ngoc_Linh_Spa_Bliss_HoiAn_Beach_Resort_Wellness_5-scaled.webp\" data-attachment-id=\"16944\" data-e-disable-page-transition=\"true\" data-type=\"image\" class=\"fg-thumb\"><span class=\"fg-image-wrap\"><img decoding=\"async\" width=\"878\" height=\"492\" class=\"skip-lazy fg-image\" data-src-fg=\"https:\/\/hoianblissresort.com\/wp-content\/uploads\/cache\/2023\/12\/Ngoc_Linh_Spa_Bliss_HoiAn_Beach_Resort_Wellness_5-scaled\/2317569095.webp\" src=\"data:image\/svg+xml,%3Csvg%20xmlns%3D%22http%3A%2F%2Fwww.w3.org%2F2000%2Fsvg%22%20width%3D%22878%22%20height%3D%22492%22%20viewBox%3D%220%200%20878%20492%22%3E%3C%2Fsvg%3E\" loading=\"eager\"><\/span><span class=\"fg-image-overlay\"><\/span><\/a><figcaption class=\"fg-caption\"><div class=\"fg-caption-inner\"><\/div><\/figcaption><\/figure><div class=\"fg-loader\"><\/div><\/div><div class=\"fg-item fg-type-image fg-idle\"><figure class=\"fg-item-inner\"><a href=\"https:\/\/hoianblissresort.com\/wp-content\/uploads\/2023\/12\/Ngoc_Linh_Spa_Bliss_HoiAn_Beach_Resort_Wellness_3-scaled.webp\" data-attachment-id=\"16940\" data-e-disable-page-transition=\"true\" data-type=\"image\" class=\"fg-thumb\"><span class=\"fg-image-wrap\"><img decoding=\"async\" width=\"878\" height=\"492\" class=\"skip-lazy fg-image\" data-src-fg=\"https:\/\/hoianblissresort.com\/wp-content\/uploads\/cache\/2023\/12\/Ngoc_Linh_Spa_Bliss_HoiAn_Beach_Resort_Wellness_3-scaled\/4242438476.webp\" src=\"data:image\/svg+xml,%3Csvg%20xmlns%3D%22http%3A%2F%2Fwww.w3.org%2F2000%2Fsvg%22%20width%3D%22878%22%20height%3D%22492%22%20viewBox%3D%220%200%20878%20492%22%3E%3C%2Fsvg%3E\" loading=\"eager\"><\/span><span class=\"fg-image-overlay\"><\/span><\/a><figcaption class=\"fg-caption\"><div class=\"fg-caption-inner\"><\/div><\/figcaption><\/figure><div class=\"fg-loader\"><\/div><\/div><div class=\"fg-item fg-type-image fg-idle\"><figure class=\"fg-item-inner\"><a href=\"https:\/\/hoianblissresort.com\/wp-content\/uploads\/2023\/12\/Ngoc_Linh_Spa_Bliss_HoiAn_Beach_Resort_Wellness_4-scaled.webp\" data-attachment-id=\"16942\" data-e-disable-page-transition=\"true\" data-type=\"image\" class=\"fg-thumb\"><span class=\"fg-image-wrap\"><img decoding=\"async\" width=\"878\" height=\"492\" class=\"skip-lazy fg-image\" data-src-fg=\"https:\/\/hoianblissresort.com\/wp-content\/uploads\/cache\/2023\/12\/Ngoc_Linh_Spa_Bliss_HoiAn_Beach_Resort_Wellness_4-scaled\/4264111214.webp\" src=\"data:image\/svg+xml,%3Csvg%20xmlns%3D%22http%3A%2F%2Fwww.w3.org%2F2000%2Fsvg%22%20width%3D%22878%22%20height%3D%22492%22%20viewBox%3D%220%200%20878%20492%22%3E%3C%2Fsvg%3E\" loading=\"eager\"><\/span><span class=\"fg-image-overlay\"><\/span><\/a><figcaption class=\"fg-caption\"><div class=\"fg-caption-inner\"><\/div><\/figcaption><\/figure><div class=\"fg-loader\"><\/div><\/div><div class=\"fg-item fg-type-image fg-idle\"><figure class=\"fg-item-inner\"><a href=\"https:\/\/hoianblissresort.com\/wp-content\/uploads\/2023\/12\/Ngoc_Linh_Spa_Bliss_HoiAn_Beach_Resort_Wellness_7.webp\" data-attachment-id=\"16946\" data-e-disable-page-transition=\"true\" data-type=\"image\" class=\"fg-thumb\"><span class=\"fg-image-wrap\"><img decoding=\"async\" width=\"878\" height=\"492\" class=\"skip-lazy fg-image\" data-src-fg=\"https:\/\/hoianblissresort.com\/wp-content\/uploads\/cache\/2023\/12\/Ngoc_Linh_Spa_Bliss_HoiAn_Beach_Resort_Wellness_7\/1114648540.webp\" src=\"data:image\/svg+xml,%3Csvg%20xmlns%3D%22http%3A%2F%2Fwww.w3.org%2F2000%2Fsvg%22%20width%3D%22878%22%20height%3D%22492%22%20viewBox%3D%220%200%20878%20492%22%3E%3C%2Fsvg%3E\" loading=\"eager\"><\/span><span class=\"fg-image-overlay\"><\/span><\/a><figcaption class=\"fg-caption\"><div class=\"fg-caption-inner\"><\/div><\/figcaption><\/figure><div class=\"fg-loader\"><\/div><\/div>\t<\/div>\n\t<div class=\"fg-carousel-bottom\"><\/div>\n\t<div class=\"fg-carousel-progress\"><\/div>\n\t<button type=\"button\" class=\"fg-carousel-next\"><\/button>\n<\/div><\/div>\n\t\t\t\t\t\t<\/div>\n\t\t\t\t<\/div>\n\t\t\t\t\t<\/div>\n\t\t<\/div>\n\t\t\t\t\t<\/div>\n\t\t<\/section>\n\t\t\t\t\t<\/div>\n\t\t<\/div>\n\t\t\t\t\t<\/div>\n\t\t<\/section>\n\t\t\t\t<section class=\"elementor-section elementor-top-section elementor-element elementor-element-f114ba9 elementor-section-boxed elementor-section-height-default elementor-section-height-default\" data-id=\"f114ba9\" data-element_type=\"section\">\n\t\t\t\t\t\t<div class=\"elementor-container elementor-column-gap-default\">\n\t\t\t\t\t<div class=\"elementor-column elementor-col-100 elementor-top-column elementor-element elementor-element-e6efe4b\" data-id=\"e6efe4b\" data-element_type=\"column\">\n\t\t\t<div class=\"elementor-widget-wrap elementor-element-populated\">\n\t\t\t\t\t\t<div class=\"elementor-element elementor-element-87d37b2 elementor-widget elementor-widget-image\" data-id=\"87d37b2\" data-element_type=\"widget\" data-widget_type=\"image.default\">\n\t\t\t\t<div class=\"elementor-widget-container\">\n\t\t\t\t\t\t\t\t\t\t\t\t\t\t\t\t<a href=\"https:\/\/hoianblissresort.com\/vi\/reservation\/\">\n\t\t\t\t\t\t\t<img decoding=\"async\" width=\"1454\" height=\"183\" src=\"https:\/\/hoianblissresort.com\/wp-content\/uploads\/2023\/12\/Uu-dai-dat-phong.jpg\" class=\"elementor-animation-wobble-top attachment-full size-full wp-image-16547\" alt=\"\" srcset=\"https:\/\/hoianblissresort.com\/wp-content\/uploads\/2023\/12\/Uu-dai-dat-phong.jpg 1454w, https:\/\/hoianblissresort.com\/wp-content\/uploads\/2023\/12\/Uu-dai-dat-phong-300x38.jpg 300w, https:\/\/hoianblissresort.com\/wp-content\/uploads\/2023\/12\/Uu-dai-dat-phong-1024x129.jpg 1024w, https:\/\/hoianblissresort.com\/wp-content\/uploads\/2023\/12\/Uu-dai-dat-phong-768x97.jpg 768w, https:\/\/hoianblissresort.com\/wp-content\/uploads\/2023\/12\/Uu-dai-dat-phong-1000x126.jpg 1000w\" sizes=\"(max-width: 1454px) 100vw, 1454px\" \/>\t\t\t\t\t\t\t\t<\/a>\n\t\t\t\t\t\t\t\t\t\t\t\t\t\t\t<\/div>\n\t\t\t\t<\/div>\n\t\t\t\t\t<\/div>\n\t\t<\/div>\n\t\t\t\t\t<\/div>\n\t\t<\/section>\n\t\t\t\t<\/div>\n\t\t","protected":false},"excerpt":{"rendered":"<p>Ng\u1ecdc Linh Spa Ch\u0103m s\u00f3c c\u01a1 th\u1ec3 v\u00e0 tinh th\u1ea7n c\u1ee7a b\u1ea1n v\u1edbi c\u00e1c li\u1ec7u ph\u00e1p tr\u1ecb li\u1ec7u l\u1ea5y c\u1ea3m h\u1ee9ng t\u1eeb c\u00e1c y\u1ebfu t\u1ed1 \u0111\u1ea1i d\u01b0\u01a1ng v\u00e0 nh\u1eefng n\u00e9t tinh t\u1ebf c\u1ee7a v\u0103n h\u00f3a Vi\u1ec7t Nam. T\u1eadn h\u01b0\u1edfng ngh\u1ec7 &hellip; <a href=\"https:\/\/hoianblissresort.com\/vi\/spa-wellness\/\">Readmore<\/a><\/p>\n","protected":false},"author":1,"featured_media":0,"parent":0,"menu_order":0,"comment_status":"closed","ping_status":"closed","template":"","meta":{"content-type":"","footnotes":""},"class_list":["post-16990","page","type-page","status-publish","hentry"],"_links":{"self":[{"href":"https:\/\/hoianblissresort.com\/vi\/wp-json\/wp\/v2\/pages\/16990","targetHints":{"allow":["GET"]}}],"collection":[{"href":"https:\/\/hoianblissresort.com\/vi\/wp-json\/wp\/v2\/pages"}],"about":[{"href":"https:\/\/hoianblissresort.com\/vi\/wp-json\/wp\/v2\/types\/page"}],"author":[{"embeddable":true,"href":"https:\/\/hoianblissresort.com\/vi\/wp-json\/wp\/v2\/users\/1"}],"replies":[{"embeddable":true,"href":"https:\/\/hoianblissresort.com\/vi\/wp-json\/wp\/v2\/comments?post=16990"}],"version-history":[{"count":0,"href":"https:\/\/hoianblissresort.com\/vi\/wp-json\/wp\/v2\/pages\/16990\/revisions"}],"wp:attachment":[{"href":"https:\/\/hoianblissresort.com\/vi\/wp-json\/wp\/v2\/media?parent=16990"}],"curies":[{"name":"wp","href":"https:\/\/api.w.org\/{rel}","templated":true}]}}