{"id":22813,"date":"2023-12-21T16:28:28","date_gmt":"2023-12-21T16:28:28","guid":{"rendered":"https:\/\/hoianblissresort.com\/guide-de-reservation-et-de-paiement\/"},"modified":"2024-10-25T08:02:46","modified_gmt":"2024-10-25T08:02:46","slug":"guide-de-reservation-et-de-paiement","status":"publish","type":"page","link":"https:\/\/hoianblissresort.com\/fr\/guide-de-reservation-et-de-paiement\/","title":{"rendered":"Guide de r\u00e9servation et de paiement"},"content":{"rendered":"\t\t<div data-elementor-type=\"wp-page\" data-elementor-id=\"22813\" class=\"elementor elementor-22813 elementor-16012\" data-elementor-post-type=\"page\">\n\t\t\t\t\t\t<section class=\"elementor-section elementor-top-section elementor-element elementor-element-ef71fa8 elementor-section-full_width elementor-section-stretched elementor-section-height-default elementor-section-height-default\" data-id=\"ef71fa8\" data-element_type=\"section\" data-settings=\"{&quot;stretch_section&quot;:&quot;section-stretched&quot;}\">\n\t\t\t\t\t\t<div class=\"elementor-container elementor-column-gap-default\">\n\t\t\t\t\t<div class=\"elementor-column elementor-col-100 elementor-top-column elementor-element elementor-element-a84b01b\" data-id=\"a84b01b\" data-element_type=\"column\">\n\t\t\t<div class=\"elementor-widget-wrap elementor-element-populated\">\n\t\t\t\t\t\t<section class=\"elementor-section elementor-inner-section elementor-element elementor-element-595c877 elementor-section-full_width elementor-section-height-default elementor-section-height-default\" data-id=\"595c877\" data-element_type=\"section\">\n\t\t\t\t\t\t<div class=\"elementor-container elementor-column-gap-default\">\n\t\t\t\t\t<div class=\"elementor-column elementor-col-100 elementor-inner-column elementor-element elementor-element-9b919e0\" data-id=\"9b919e0\" data-element_type=\"column\">\n\t\t\t<div class=\"elementor-widget-wrap elementor-element-populated\">\n\t\t\t\t\t\t<div class=\"elementor-element elementor-element-3ac7bff elementor-widget elementor-widget-image\" data-id=\"3ac7bff\" data-element_type=\"widget\" data-widget_type=\"image.default\">\n\t\t\t\t<div class=\"elementor-widget-container\">\n\t\t\t\t\t\t\t\t\t\t\t\t\t\t\t<img fetchpriority=\"high\" decoding=\"async\" width=\"2560\" height=\"550\" src=\"https:\/\/hoianblissresort.com\/wp-content\/uploads\/2023\/11\/product_n_services_hoianblissresort.com_-scaled.jpg\" class=\"attachment-full size-full wp-image-14232\" alt=\"\" srcset=\"https:\/\/hoianblissresort.com\/wp-content\/uploads\/2023\/11\/product_n_services_hoianblissresort.com_-scaled.jpg 2560w, https:\/\/hoianblissresort.com\/wp-content\/uploads\/2023\/11\/product_n_services_hoianblissresort.com_-300x64.jpg 300w, https:\/\/hoianblissresort.com\/wp-content\/uploads\/2023\/11\/product_n_services_hoianblissresort.com_-1024x220.jpg 1024w, https:\/\/hoianblissresort.com\/wp-content\/uploads\/2023\/11\/product_n_services_hoianblissresort.com_-768x165.jpg 768w, https:\/\/hoianblissresort.com\/wp-content\/uploads\/2023\/11\/product_n_services_hoianblissresort.com_-1536x330.jpg 1536w, https:\/\/hoianblissresort.com\/wp-content\/uploads\/2023\/11\/product_n_services_hoianblissresort.com_-2048x440.jpg 2048w, https:\/\/hoianblissresort.com\/wp-content\/uploads\/2023\/11\/product_n_services_hoianblissresort.com_-1000x215.jpg 1000w\" sizes=\"(max-width: 2560px) 100vw, 2560px\" \/>\t\t\t\t\t\t\t\t\t\t\t\t\t\t\t<\/div>\n\t\t\t\t<\/div>\n\t\t\t\t\t<\/div>\n\t\t<\/div>\n\t\t\t\t\t<\/div>\n\t\t<\/section>\n\t\t\t\t\t<\/div>\n\t\t<\/div>\n\t\t\t\t\t<\/div>\n\t\t<\/section>\n\t\t\t\t<section class=\"elementor-section elementor-top-section elementor-element elementor-element-c24c909 elementor-section-boxed elementor-section-height-default elementor-section-height-default\" data-id=\"c24c909\" data-element_type=\"section\">\n\t\t\t\t\t\t<div class=\"elementor-container elementor-column-gap-default\">\n\t\t\t\t\t<div class=\"elementor-column elementor-col-100 elementor-top-column elementor-element elementor-element-af7f6c6\" data-id=\"af7f6c6\" data-element_type=\"column\">\n\t\t\t<div class=\"elementor-widget-wrap elementor-element-populated\">\n\t\t\t\t\t\t<div class=\"elementor-element elementor-element-bae2ca0 elementor-widget elementor-widget-heading\" data-id=\"bae2ca0\" data-element_type=\"widget\" data-widget_type=\"heading.default\">\n\t\t\t\t<div class=\"elementor-widget-container\">\n\t\t\t\t\t<h2 class=\"elementor-heading-title elementor-size-default\">Guide de r\u00e9servation et de paiement<\/h2>\t\t\t\t<\/div>\n\t\t\t\t<\/div>\n\t\t\t\t<section class=\"elementor-section elementor-inner-section elementor-element elementor-element-db8e184 elementor-section-boxed elementor-section-height-default elementor-section-height-default\" data-id=\"db8e184\" data-element_type=\"section\">\n\t\t\t\t\t\t<div class=\"elementor-container elementor-column-gap-default\">\n\t\t\t\t\t<div class=\"elementor-column elementor-col-100 elementor-inner-column elementor-element elementor-element-be56e06\" data-id=\"be56e06\" data-element_type=\"column\">\n\t\t\t<div class=\"elementor-widget-wrap elementor-element-populated\">\n\t\t\t\t\t\t<div class=\"elementor-element elementor-element-0f00b2d elementor-widget elementor-widget-text-editor\" data-id=\"0f00b2d\" data-element_type=\"widget\" data-widget_type=\"text-editor.default\">\n\t\t\t\t<div class=\"elementor-widget-container\">\n\t\t\t\t\t\t\t\t\t<span style=\"font-family: helvetica, arial, sans-serif; font-size: 12pt; color: #014f70;\">Pour r\u00e9server, vous pouvez choisir l&rsquo;une des fa\u00e7ons suivantes\u00a0:<\/span>\r\n\r\n<span style=\"font-family: helvetica, arial, sans-serif; font-size: 12pt; color: #014f70;\">R\u00e9servez directement avec nous pour b\u00e9n\u00e9ficier du meilleur prix et de promotions exceptionnelles.<\/span>\r\n\r\n<span style=\"font-family: helvetica, arial, sans-serif; font-size: 12pt; color: #014f70;\">1\/ Appelez le num\u00e9ro de t\u00e9l\u00e9phone \/ Whatsapp \/ Zalo\u00a0: <a style=\"color: #014f70;\" href=\"tel:+84911889558\">+84\u00a0<\/a><\/span><span style=\"color: #014f70;\"><span style=\"font-size: 16px;\">912 060 558<\/span><\/span>\r\n<div>\r\n\r\n<span style=\"font-family: helvetica, arial, sans-serif; font-size: 12pt; color: #014f70;\">2\/ R\u00e9server par email\u00a0:\u00a0<a style=\"color: #014f70;\" href=\"mailto:sales@hoianblissresort.com\">sales@hoianblissresort.com<\/a><\/span>\r\n\r\n<span style=\"font-family: helvetica, arial, sans-serif; font-size: 12pt; color: #014f70;\">3\/\u00a0 R\u00e9server via la fanpage\u00a0:\u00a0<a style=\"color: #014f70;\" href=\"https:\/\/www.facebook.com\/blisshoian\/\">https:\/\/www.facebook.com\/BlissHoianBeachResort<\/a><\/span>\r\n\r\n<span style=\"font-family: helvetica, arial, sans-serif; font-size: 12pt; color: #014f70;\">4\/\u00a0 R\u00e9servez via le site Web\u00a0:\u00a0<a style=\"color: #014f70;\" href=\"https:\/\/hoianblissresort.com\/reservation\/\">hoianblissresort.com<\/a><\/span>\r\n\r\n<span style=\"font-family: helvetica, arial, sans-serif; font-size: 12pt; color: #014f70;\">Veuillez visiter le site Web\u00a0:\u00a0<a style=\"color: #014f70;\" href=\"https:\/\/hoianblissresort.com\/fr\/\">hoianblissresort.com,<\/a>\u00a0puis suivez les \u00e9tapes suivantes\u00a0:<\/span>\r\n\r\n<span style=\"color: #014f70;\"><span style=\"font-size: 16px;\"><b>I. Option 1 : Payer en ligne\r\n<\/b><\/span><\/span><span style=\"font-family: helvetica, arial, sans-serif; font-size: 12pt; color: #014f70;\">1) Enregistrez-vous dans la section \u00ab Chambre \u00bb puis s\u00e9lectionnez la chambre que vous souhaitez.<\/span>\r\n<span style=\"font-family: helvetica, arial, sans-serif; font-size: 12pt; color: #014f70;\">2) Vous remplissez la \u00ab Date d&rsquo;arriv\u00e9e \u00bb et la \u00ab Date de d\u00e9part \u00bb et cumulez dans<\/span>\r\n<span style=\"font-family: helvetica, arial, sans-serif; font-size: 12pt; color: #014f70;\">3) Veuillez v\u00e9rifier les informations de la chambre (superficie, lit, nombre d&rsquo;occupants,\u2026) puis int\u00e9grez-les dans \u00ab Choix \u00bb<\/span>\r\n<span style=\"font-family: helvetica, arial, 4) Dans la section D\u00e9tails, saisissez les informations suivantes\u00a0: nom, adresse e-mail, num\u00e9ro de t\u00e9l\u00e9phone, heure d'arriv\u00e9e pr\u00e9vue et demande (le cas \u00e9ch\u00e9ant) et s\u00e9lectionnez \u00ab\u00a0Continuer\u00a0\u00bb\u00a0;\r\n<span style=\"font-family: helvetica, arial, sans-serif; font-size: 12pt; color: #014f70;\">5) Saisissez ensuite les informations de paiement telles que\u00a0: nom du titulaire de la carte, num\u00e9ro de carte, date de paiement, contenu du paiement. Veuillez lire les \u00ab\u00a0Conditions g\u00e9n\u00e9rales\u00a0\u00bb et accepter les conditions ci-dessus.\r\n\r\n<span style=\"color: #014f70;\"><span style=\"font-size: 16px;\"><b>II. Option 2\u00a0: Virement bancaire<\/b><\/span><\/span>\r\n\r\n<span style=\"color: #014f70;\"><span style=\"font-size: 16px;\"><b>Vous pouvez effectuer un paiement par virement bancaire \u00e0 TROPICAL BEACH VILLAGE RESORT HOI AN COMPANY LIMITED<\/b><\/span><\/span><b style=\"font-size: 16px; color: #014f70;\"> en utilisant les informations suivantes\u00a0:<\/b>\r\n\r\n<span style=\"color: #014f70;\"><span style=\"font-size: 16px;\">Nom de la banque\u00a0:\u00a0<\/span><\/span>\r\n\r\n<span style=\"color: #014f70;\"><span style=\"font-size: 16px;\">Num\u00e9ro de compte\u00a0:\u00a0<\/span><\/span>\r\n\r\n<span style=\"color: #014f70;\"><span style=\"font-size: 16px;\">Compte titulaire\u00a0:\u00a0<\/span>\r\n<\/span><span style=\"font-family: helvetica, arial, sans-serif; font-size: 12pt; color: #014f70;\">6) Choisissez enfin de nous adresser directement la demande de r\u00e9servation.<\/span>\r\n\r\n<span style=\"font-family: helvetica, arial, sans-serif; font-size: 12pt; color: #014f70;\">Des moyens de paiement s\u00e9curis\u00e9s et flexibles.<\/span>\r\n<span style=\"font-family: helvetica, arial, sans-serif; font-size: 12pt; color: #014f70;\">Des transactions en ligne s\u00e9curis\u00e9es avec de nombreuses options telles que les paiements par carte de cr\u00e9dit (Visa, MasterCard, Amex), les virements bancaires.<\/span>\r\n<span style=\"font-family: helvetica, arial, sans-serif; font-size: 12pt; color: #014f70;\">Remarque\u00a0: Contenu du paiement Veuillez indiquer le nom de famille et le nom du placeur.<\/span>\r\n\r\n<span style=\"font-family: helvetica, arial, sans-serif; font-size: 12pt; color: #014f70;\">Assistance client\u00e8le 24h\/24 et 7j\/7<\/span>\r\n<span style=\"font-family: helvetica, arial, sans-serif; font-size: 12pt; color: #014f70;\">Le personnel du service client\u00e8le vous aide toujours \u00e0 chaque \u00e9tape du processus de r\u00e9servation et de service.<\/span>\r\n<span style=\"font-family: helvetica, arial, sans-serif; font-size: 12pt; color: #014f70;\">\u00a0<\/span>\r\n<span style=\"font-family: helvetica, arial, sans-serif; font-size: 12pt; couleur\u00a0: #014f70\u00a0;\"><strong>BLISS HOI AN BEACH RESORT &amp; WELLNESS<\/strong><\/span>\r\n<span style=\"font-family: helvetica, arial, sans-serif; font-size: 12pt; color: #014f70;\">Plage de Binh Minh, Hoi An, Quang Nam, Vietnam<\/span>\r\n<ul>\r\n<li><span style=\"font-family: helvetica, arial, sans-serif; font-size: 12pt; color: #014f70;\">Hotline\u00a0:\u00a0<\/span><span style=\"font-family: helvetica, arial, sans-serif; font-size: 12pt; color: #014f70;\"><a style=\"color: #014f70;\" href=\"tel:+84911889558\">+84\u00a0<\/a><\/span><span style\t\t\t\t\t\t\t\t<\/div>\n\t\t\t\t<\/div>\n\t\t\t\t\t<\/div>\n\t\t<\/div>\n\t\t\t\t\t<\/div>\n\t\t<\/section>\n\t\t\t\t\t<\/div>\n\t\t<\/div>\n\t\t\t\t\t<\/div>\n\t\t<\/section>\n\t\t\t\t<\/div>\n\t\t","protected":false},"excerpt":{"rendered":"<p>Guide de r\u00e9servation et de paiement Pour r\u00e9server, vous pouvez choisir l&rsquo;une des fa\u00e7ons suivantes\u00a0: R\u00e9servez directement avec nous pour b\u00e9n\u00e9ficier du meilleur prix et de promotions exceptionnelles. 1\/ Appelez le num\u00e9ro de t\u00e9l\u00e9phone \/ Whatsapp \/ Zalo\u00a0: +84\u00a0912 060 &hellip; <a href=\"https:\/\/hoianblissresort.com\/fr\/guide-de-reservation-et-de-paiement\/\">Readmore<\/a><\/p>\n","protected":false},"author":15,"featured_media":0,"parent":0,"menu_order":0,"comment_status":"closed","ping_status":"closed","template":"","meta":{"content-type":"","footnotes":""},"class_list":["post-22813","page","type-page","status-publish","hentry"],"_links":{"self":[{"href":"https:\/\/hoianblissresort.com\/fr\/wp-json\/wp\/v2\/pages\/22813","targetHints":{"allow":["GET"]}}],"collection":[{"href":"https:\/\/hoianblissresort.com\/fr\/wp-json\/wp\/v2\/pages"}],"about":[{"href":"https:\/\/hoianblissresort.com\/fr\/wp-json\/wp\/v2\/types\/page"}],"author":[{"embeddable":true,"href":"https:\/\/hoianblissresort.com\/fr\/wp-json\/wp\/v2\/users\/15"}],"replies":[{"embeddable":true,"href":"https:\/\/hoianblissresort.com\/fr\/wp-json\/wp\/v2\/comments?post=22813"}],"version-history":[{"count":1,"href":"https:\/\/hoianblissresort.com\/fr\/wp-json\/wp\/v2\/pages\/22813\/revisions"}],"predecessor-version":[{"id":22814,"href":"https:\/\/hoianblissresort.com\/fr\/wp-json\/wp\/v2\/pages\/22813\/revisions\/22814"}],"wp:attachment":[{"href":"https:\/\/hoianblissresort.com\/fr\/wp-json\/wp\/v2\/media?parent=22813"}],"curies":[{"name":"wp","href":"https:\/\/api.w.org\/{rel}","templated":true}]}}